{"id":2014,"date":"2025-11-22T00:50:57","date_gmt":"2025-11-22T00:50:57","guid":{"rendered":"https:\/\/ecolurian.com\/servis-i-podrska\/"},"modified":"2025-11-22T01:18:46","modified_gmt":"2025-11-22T01:18:46","slug":"servis-i-podrska","status":"publish","type":"page","link":"https:\/\/ecolurian.com\/sr\/servis-i-podrska\/","title":{"rendered":"Servis i podr\u0161ka"},"content":{"rendered":"\t\t<div data-elementor-type=\"wp-page\" data-elementor-id=\"2014\" class=\"elementor elementor-2014 elementor-1992\" data-elementor-post-type=\"page\">\n\t\t\t\t<div class=\"elementor-element elementor-element-485841a e-flex e-con-boxed e-con e-parent\" data-id=\"485841a\" data-element_type=\"container\" data-e-type=\"container\">\n\t\t\t\t\t<div class=\"e-con-inner\">\n\t\t<div class=\"elementor-element elementor-element-57977ea e-con-full e-flex e-con e-child\" data-id=\"57977ea\" data-element_type=\"container\" data-e-type=\"container\">\n\t\t\t\t<div class=\"elementor-element elementor-element-dd75cd8 elementor-widget elementor-widget-heading\" data-id=\"dd75cd8\" data-element_type=\"widget\" data-e-type=\"widget\" data-widget_type=\"heading.default\">\n\t\t\t\t\t<h1 class=\"elementor-heading-title elementor-size-default\">Servis i podr\u0161ka<\/h1>\t\t\t\t<\/div>\n\t\t\t\t<div class=\"elementor-element elementor-element-5722bc8 elementor-widget elementor-widget-heading\" data-id=\"5722bc8\" data-element_type=\"widget\" data-e-type=\"widget\" data-widget_type=\"heading.default\">\n\t\t\t\t\t<h2 class=\"elementor-heading-title elementor-size-default\">Posve\u0107en partner tokom celog Va\u0161eg projekta<\/h2>\t\t\t\t<\/div>\n\t\t\t\t<div class=\"elementor-element elementor-element-d61a6cb elementor-widget elementor-widget-text-editor\" data-id=\"d61a6cb\" data-element_type=\"widget\" data-e-type=\"widget\" data-widget_type=\"text-editor.default\">\n\t\t\t\t\t\t\t\t\t<p>U Ecolurian-u pru\u017eamo vi\u0161e od ekolo\u0161kih, vrhunskih materijala &#8211; gradimo trajna partnerstva. Na\u0161 tim Vas podr\u017eava od prve ideje do finalne ugradnje, osiguravaju\u0107i da svaki projekat dobije pa\u017enju i stru\u010dnost koju zaslu\u017euje.<\/p>\n\t\t\t\t\t\t\t\t<\/div>\n\t\t\t\t<\/div>\n\t\t<div class=\"elementor-element elementor-element-94b2e13 e-con-full e-flex e-con e-child\" data-id=\"94b2e13\" data-element_type=\"container\" data-e-type=\"container\">\n\t\t\t\t<div class=\"elementor-element elementor-element-638ed24 elementor-widget elementor-widget-image\" data-id=\"638ed24\" data-element_type=\"widget\" data-e-type=\"widget\" data-widget_type=\"image.default\">\n\t\t\t\t\t\t\t\t\t\t\t\t\t\t\t<img fetchpriority=\"high\" decoding=\"async\" width=\"800\" height=\"534\" src=\"https:\/\/ecolurian.com\/wp-content\/uploads\/2025\/11\/ecolurian-servicesupport-1024x684.webp\" class=\"attachment-large size-large wp-image-2000\" alt=\"\" srcset=\"https:\/\/ecolurian.com\/wp-content\/uploads\/2025\/11\/ecolurian-servicesupport-1024x684.webp 1024w, https:\/\/ecolurian.com\/wp-content\/uploads\/2025\/11\/ecolurian-servicesupport-300x200.webp 300w, https:\/\/ecolurian.com\/wp-content\/uploads\/2025\/11\/ecolurian-servicesupport-768x513.webp 768w, https:\/\/ecolurian.com\/wp-content\/uploads\/2025\/11\/ecolurian-servicesupport-600x401.webp 600w, https:\/\/ecolurian.com\/wp-content\/uploads\/2025\/11\/ecolurian-servicesupport.webp 1200w\" sizes=\"(max-width: 800px) 100vw, 800px\" \/>\t\t\t\t\t\t\t\t\t\t\t\t\t\t\t<\/div>\n\t\t\t\t<\/div>\n\t\t\t\t\t<\/div>\n\t\t\t\t<\/div>\n\t\t<div class=\"elementor-element elementor-element-988ec3c e-flex e-con-boxed e-con e-parent\" data-id=\"988ec3c\" data-element_type=\"container\" data-e-type=\"container\">\n\t\t\t\t\t<div class=\"e-con-inner\">\n\t\t<div class=\"elementor-element elementor-element-896615b e-con-full e-flex e-con e-child\" data-id=\"896615b\" data-element_type=\"container\" data-e-type=\"container\">\n\t\t\t\t<div class=\"elementor-element elementor-element-46e8b65 elementor-widget elementor-widget-heading\" data-id=\"46e8b65\" data-element_type=\"widget\" data-e-type=\"widget\" data-widget_type=\"heading.default\">\n\t\t\t\t\t<h2 class=\"elementor-heading-title elementor-size-default\">Stru\u010dne konsultacije i prilago\u0111ena re\u0161enja<\/h2>\t\t\t\t<\/div>\n\t\t\t\t<div class=\"elementor-element elementor-element-0e11143 elementor-widget elementor-widget-text-editor\" data-id=\"0e11143\" data-element_type=\"widget\" data-e-type=\"widget\" data-widget_type=\"text-editor.default\">\n\t\t\t\t\t\t\t\t\t<p>Na\u0161 multidisciplinarni tim dizajnera, arhitekata, biologa i in\u017eenjera poma\u017ee Vam da odaberete i razvijete re\u0161enja koja savr\u0161eno odgovaraju \u017eeljenoj viziji. Bilo da Vam je potreban jedinstveni uzorak, specifi\u010dan format ili prilago\u0111ene dimenzije, radimo sa Vama kako bismo maksimalno iskoristili potencijal na\u0161ih materijala.<\/p>\n\t\t\t\t\t\t\t\t<\/div>\n\t\t\t\t<\/div>\n\t\t<div class=\"elementor-element elementor-element-1400160 e-con-full e-flex e-con e-child\" data-id=\"1400160\" data-element_type=\"container\" data-e-type=\"container\">\n\t\t\t\t<div class=\"elementor-element elementor-element-296b0d9 elementor-widget elementor-widget-heading\" data-id=\"296b0d9\" data-element_type=\"widget\" data-e-type=\"widget\" data-widget_type=\"heading.default\">\n\t\t\t\t\t<h2 class=\"elementor-heading-title elementor-size-default\">Transparentna i odr\u017eiva proizvodnja<\/h2>\t\t\t\t<\/div>\n\t\t\t\t<div class=\"elementor-element elementor-element-b158440 elementor-widget elementor-widget-text-editor\" data-id=\"b158440\" data-element_type=\"widget\" data-e-type=\"widget\" data-widget_type=\"text-editor.default\">\n\t\t\t\t\t\t\t\t\t<p>Verujemo u potpunu transparentnost. Mo\u017eete ra\u010dunati na detaljne informacije o na\u0161im odr\u017eivim procesima &#8211; od \u017eetve kelpa, preko kontrolisanog vla\u017eenja, furniranja, do zavr\u0161nog sloja premaza. Tako\u0111e pru\u017eamo smernice u vezi sa ekolo\u0161kim sertifikatima i CO\u2082-uticajem, kako bi Va\u0161i projekti ispunili najnovije standarde odr\u017eivosti.<\/p>\n\t\t\t\t\t\t\t\t<\/div>\n\t\t\t\t<\/div>\n\t\t<div class=\"elementor-element elementor-element-1699891 e-con-full e-flex e-con e-child\" data-id=\"1699891\" data-element_type=\"container\" data-e-type=\"container\">\n\t\t\t\t<div class=\"elementor-element elementor-element-1365811 elementor-widget elementor-widget-heading\" data-id=\"1365811\" data-element_type=\"widget\" data-e-type=\"widget\" data-widget_type=\"heading.default\">\n\t\t\t\t\t<h2 class=\"elementor-heading-title elementor-size-default\">Tehni\u010dka podr\u0161ka i uputstva za ugradnju<\/h2>\t\t\t\t<\/div>\n\t\t\t\t<div class=\"elementor-element elementor-element-e53b8ac elementor-widget elementor-widget-text-editor\" data-id=\"e53b8ac\" data-element_type=\"widget\" data-e-type=\"widget\" data-widget_type=\"text-editor.default\">\n\t\t\t\t\t\t\t\t\t<p>Na\u0161i stru\u010dnjaci su dostupni za savete o instalaciji, nezi i dugoro\u010dnom odr\u017eavanju. Obezbe\u0111ujemo svu tehni\u010dku dokumentaciju potrebnu da materijal bude kori\u0161\u0107en sigurno, efikasno i tako da naglasi svoju prirodnu eleganciju i dugove\u010dnost.<\/p>\n\t\t\t\t\t\t\t\t<\/div>\n\t\t\t\t<\/div>\n\t\t<div class=\"elementor-element elementor-element-4bb7769 e-con-full e-flex e-con e-child\" data-id=\"4bb7769\" data-element_type=\"container\" data-e-type=\"container\">\n\t\t\t\t<div class=\"elementor-element elementor-element-95814a0 elementor-widget elementor-widget-heading\" data-id=\"95814a0\" data-element_type=\"widget\" data-e-type=\"widget\" data-widget_type=\"heading.default\">\n\t\t\t\t\t<h2 class=\"elementor-heading-title elementor-size-default\">Podr\u0161ka nakon isporuke<\/h2>\t\t\t\t<\/div>\n\t\t\t\t<div class=\"elementor-element elementor-element-ffeed7a elementor-widget elementor-widget-text-editor\" data-id=\"ffeed7a\" data-element_type=\"widget\" data-e-type=\"widget\" data-widget_type=\"text-editor.default\">\n\t\t\t\t\t\t\t\t\t<p>Na\u0161a pomo\u0107 ne zavr\u0161ava isporukom. Ostajemo dostupni za dodatne konsultacije, savete o odr\u017eavanju i informacije o novim materijalima i inovacijama. Va\u0161e zadovoljstvo je na\u0161 prioritet.<\/p>\n\t\t\t\t\t\t\t\t<\/div>\n\t\t\t\t<\/div>\n\t\t\t\t\t<\/div>\n\t\t\t\t<\/div>\n\t\t<div class=\"elementor-element elementor-element-0d37dc0 e-flex e-con-boxed e-con e-parent\" data-id=\"0d37dc0\" data-element_type=\"container\" data-e-type=\"container\">\n\t\t\t\t\t<div class=\"e-con-inner\">\n\t\t\t\t<div class=\"elementor-element elementor-element-62dfb02 elementor-widget elementor-widget-spacer\" data-id=\"62dfb02\" data-element_type=\"widget\" data-e-type=\"widget\" data-widget_type=\"spacer.default\">\n\t\t\t\t\t\t\t<div class=\"elementor-spacer\">\n\t\t\t<div class=\"elementor-spacer-inner\"><\/div>\n\t\t<\/div>\n\t\t\t\t\t\t<\/div>\n\t\t\t\t\t<\/div>\n\t\t\t\t<\/div>\n\t\t\t\t<\/div>\n\t\t","protected":false},"excerpt":{"rendered":"<p>Servis i podr\u0161ka Posve\u0107en partner tokom celog Va\u0161eg projekta U Ecolurian-u pru\u017eamo vi\u0161e od ekolo\u0161kih, vrhunskih materijala &#8211; gradimo trajna partnerstva. Na\u0161 tim Vas podr\u017eava od prve ideje do finalne ugradnje, osiguravaju\u0107i da svaki projekat dobije pa\u017enju i stru\u010dnost koju zaslu\u017euje. Stru\u010dne konsultacije i prilago\u0111ena re\u0161enja Na\u0161 multidisciplinarni tim dizajnera, arhitekata, biologa i in\u017eenjera poma\u017ee [&hellip;]<\/p>\n","protected":false},"author":1,"featured_media":0,"parent":0,"menu_order":0,"comment_status":"closed","ping_status":"closed","template":"","meta":{"footnotes":""},"class_list":["post-2014","page","type-page","status-publish","hentry"],"_links":{"self":[{"href":"https:\/\/ecolurian.com\/sr\/wp-json\/wp\/v2\/pages\/2014","targetHints":{"allow":["GET"]}}],"collection":[{"href":"https:\/\/ecolurian.com\/sr\/wp-json\/wp\/v2\/pages"}],"about":[{"href":"https:\/\/ecolurian.com\/sr\/wp-json\/wp\/v2\/types\/page"}],"author":[{"embeddable":true,"href":"https:\/\/ecolurian.com\/sr\/wp-json\/wp\/v2\/users\/1"}],"replies":[{"embeddable":true,"href":"https:\/\/ecolurian.com\/sr\/wp-json\/wp\/v2\/comments?post=2014"}],"version-history":[{"count":3,"href":"https:\/\/ecolurian.com\/sr\/wp-json\/wp\/v2\/pages\/2014\/revisions"}],"predecessor-version":[{"id":2023,"href":"https:\/\/ecolurian.com\/sr\/wp-json\/wp\/v2\/pages\/2014\/revisions\/2023"}],"wp:attachment":[{"href":"https:\/\/ecolurian.com\/sr\/wp-json\/wp\/v2\/media?parent=2014"}],"curies":[{"name":"wp","href":"https:\/\/api.w.org\/{rel}","templated":true}]}}